{"id":573,"date":"2018-06-14T11:37:48","date_gmt":"2018-06-14T09:37:48","guid":{"rendered":"http:\/\/bb-koningterijk.nl\/ligging-benb-2\/"},"modified":"2021-04-21T13:07:07","modified_gmt":"2021-04-21T11:07:07","slug":"uit-eten","status":"publish","type":"page","link":"https:\/\/bb-koningterijk.nl\/index.php\/uit-eten\/","title":{"rendered":"Uit eten"},"content":{"rendered":"<div class=\"tx-blog tx-post-row tx-masonry\"><div class=\"tx-blog-item tx-post-col-2\"><div class=\"tx-border-box\"><img src=\"https:\/\/bb-koningterijk.nl\/inhoud\/uploads\/2018\/03\/muldershuis-600x360.jpg\" alt=\"\" class=\"blog-image\" \/><\/a><div class=\"tx-post-content\"><h3 class=\"tx-post-title\"><a href=\"https:\/\/bb-koningterijk.nl\/index.php\/2018\/03\/16\/muldershuis\/\">Het Muldershuis in Eibergen<\/a><\/h3><div class=\"tx-category\"><a href=\"https:\/\/bb-koningterijk.nl\/index.php\/category\/omgeving\/dineren\/\" rel=\"category tag\">Dineren<\/a>, <a href=\"https:\/\/bb-koningterijk.nl\/index.php\/category\/omgeving\/\" rel=\"category tag\">Omgeving<\/a><\/div><div class=\"tx-blog-content\">Het Muldershuis, gelegen op een prachtige plek aan een oude arm van de Berkel \u00e9n op steenworp afstand van onze B&amp;B, heeft nieuwe uitbaters gevonden en is vanaf Pasen alleen op dinsdag gesloten. Vanaf oktober geopend van woensdag t\/m zondag. Laat je niet ontmoedigen door de verouderde website (check facebook voor actuele informatie) of de....<\/div><div class=\"tx-meta\"><span class=\"tx-author\">By : <a href=\"https:\/\/bb-koningterijk.nl\/index.php\/author\/beheer\/\">beheer<\/a><\/span><span class=\"tx-date\"> | mrt 16, 2018<\/span><\/div><\/div><\/div><\/div><div class=\"tx-blog-item tx-post-col-2\"><div class=\"tx-border-box\"><img src=\"https:\/\/bb-koningterijk.nl\/inhoud\/uploads\/2018\/08\/grand-eetcafe-de-klok-600x360.jpg\" alt=\"\" class=\"blog-image\" \/><\/a><div class=\"tx-post-content\"><h3 class=\"tx-post-title\"><a href=\"https:\/\/bb-koningterijk.nl\/index.php\/2018\/08\/26\/de-klok\/\">Grand Caf\u00e9 De Klok in Eibergen<\/a><\/h3><div class=\"tx-category\"><a href=\"https:\/\/bb-koningterijk.nl\/index.php\/category\/omgeving\/dineren\/\" rel=\"category tag\">Dineren<\/a>, <a href=\"https:\/\/bb-koningterijk.nl\/index.php\/category\/omgeving\/\" rel=\"category tag\">Omgeving<\/a><\/div><div class=\"tx-blog-content\">In het centrum van Eibergen vindt u Grand Caf\u00e9 De Klok, een unieke combinatie van een gezellig caf\u00e9 en een sfeervolle eetgelegenheid. U kunt er prima eten, drinken en genieten in een ongedwongen sfeer. Op een zonnige dag kunt u lekker relaxen op het sfeervolle en gedeeltelijk overdekte terras. Maandag en dinsdag gesloten. &nbsp; &nbsp;<\/div><div class=\"tx-meta\"><span class=\"tx-author\">By : <a href=\"https:\/\/bb-koningterijk.nl\/index.php\/author\/karin\/\">Karin Eggink<\/a><\/span><span class=\"tx-date\"> | aug 26, 2018<\/span><\/div><\/div><\/div><\/div><div class=\"tx-blog-item tx-post-col-2\"><div class=\"tx-border-box\"><img src=\"https:\/\/bb-koningterijk.nl\/inhoud\/uploads\/2018\/08\/lindeboom_eibergen_uitagenda-600x360.jpg\" alt=\"\" class=\"blog-image\" \/><\/a><div class=\"tx-post-content\"><h3 class=\"tx-post-title\"><a href=\"https:\/\/bb-koningterijk.nl\/index.php\/2018\/08\/25\/lindenboom\/\">De Lindeboom in Eibergen<\/a><\/h3><div class=\"tx-category\"><a href=\"https:\/\/bb-koningterijk.nl\/index.php\/category\/omgeving\/dineren\/\" rel=\"category tag\">Dineren<\/a>, <a href=\"https:\/\/bb-koningterijk.nl\/index.php\/category\/omgeving\/\" rel=\"category tag\">Omgeving<\/a><\/div><div class=\"tx-blog-content\">Eetcaf\u00e9 De Lindeboom is gelegen in het centrum van Eibergen. Een gezellig en kwalitatief goed eetcaf\u00e9. De bediening is uiterst attent en de kaart helemaal ok\u00e9. Behalve voor het diner kunt u er ook terecht voor een lunch, hightea en highwine. Maandag en donderdag gesloten. Reserveren is aan te raden. Gasten van onze B&amp;B ontvangen....<\/div><div class=\"tx-meta\"><span class=\"tx-author\">By : <a href=\"https:\/\/bb-koningterijk.nl\/index.php\/author\/karin\/\">Karin Eggink<\/a><\/span><span class=\"tx-date\"> | aug 25, 2018<\/span><\/div><\/div><\/div><\/div><div class=\"tx-blog-item tx-post-col-2\"><div class=\"tx-border-box\"><img src=\"https:\/\/bb-koningterijk.nl\/inhoud\/uploads\/2023\/03\/keunenhuis-600x360.jpg\" alt=\"\" class=\"blog-image\" \/><\/a><div class=\"tx-post-content\"><h3 class=\"tx-post-title\"><a href=\"https:\/\/bb-koningterijk.nl\/index.php\/2023\/03\/12\/keunenhuis-winterswijk\/\">Keunenhuis in Winterswijk<\/a><\/h3><div class=\"tx-category\"><a href=\"https:\/\/bb-koningterijk.nl\/index.php\/category\/omgeving\/dineren\/\" rel=\"category tag\">Dineren<\/a>, <a href=\"https:\/\/bb-koningterijk.nl\/index.php\/category\/omgeving\/\" rel=\"category tag\">Omgeving<\/a><\/div><div class=\"tx-blog-content\">Voor iedereen die een bijzondere en inspirerende eet-ervaring wenst! Nel Schellekens, &#8216;van kop tot kont&#8217; chef is een mens met een missie\u00a0om iedereen die het maar horen, zien \u00e9n weten wil te inspireren om tot (zelf besloten, zelf ervaren) doordachte keuzes te komen omtrent voeding. &#8220;Begin bij jezelf, dat is de basis van het verschil,....<\/div><div class=\"tx-meta\"><span class=\"tx-author\">By : <a href=\"https:\/\/bb-koningterijk.nl\/index.php\/author\/karin\/\">Karin Eggink<\/a><\/span><span class=\"tx-date\"> | mrt 12, 2023<\/span><\/div><\/div><\/div><\/div><div class=\"tx-blog-item tx-post-col-2\"><div class=\"tx-border-box\"><img src=\"https:\/\/bb-koningterijk.nl\/inhoud\/uploads\/2022\/07\/dinerbon-lev.-by-mike-winterswijk-1_0-600x360.jpg\" alt=\"\" class=\"blog-image\" \/><\/a><div class=\"tx-post-content\"><h3 class=\"tx-post-title\"><a href=\"https:\/\/bb-koningterijk.nl\/index.php\/2022\/07\/02\/lev-by-mike-winterswijk\/\">Lev by Mike in Winterswijk<\/a><\/h3><div class=\"tx-category\"><a href=\"https:\/\/bb-koningterijk.nl\/index.php\/category\/omgeving\/dineren\/\" rel=\"category tag\">Dineren<\/a>, <a href=\"https:\/\/bb-koningterijk.nl\/index.php\/category\/omgeving\/\" rel=\"category tag\">Omgeving<\/a><\/div><div class=\"tx-blog-content\">Lev by Mike staat voor liefde voor mooie gerechten die allemaal de grootte van een tussengerecht hebben, eerlijke streekproducten, speciaal biertjes, top wijnen en oprechte gastvrijheid. LEV by Mike is eigenzinnig, stoer, vriendelijk, gul, sophisticated, uitgesproken, gaat voor kwaliteit, houdt van de Achterhoek, heeft lef en viert het leven. In LEV geeft Mike Vrijdag zijn....<\/div><div class=\"tx-meta\"><span class=\"tx-author\">By : <a href=\"https:\/\/bb-koningterijk.nl\/index.php\/author\/karin\/\">Karin Eggink<\/a><\/span><span class=\"tx-date\"> | jul 2, 2022<\/span><\/div><\/div><\/div><\/div><div class=\"tx-blog-item tx-post-col-2\"><div class=\"tx-border-box\"><img src=\"https:\/\/bb-koningterijk.nl\/inhoud\/uploads\/2020\/11\/289522451_167673602401513_7643224644535034115_n-600x360.jpg\" alt=\"\" class=\"blog-image\" \/><\/a><div class=\"tx-post-content\"><h3 class=\"tx-post-title\"><a href=\"https:\/\/bb-koningterijk.nl\/index.php\/2020\/11\/13\/bides-haaksbergen\/\">Bides in Haaksbergen<\/a><\/h3><div class=\"tx-category\"><a href=\"https:\/\/bb-koningterijk.nl\/index.php\/category\/omgeving\/dineren\/\" rel=\"category tag\">Dineren<\/a>, <a href=\"https:\/\/bb-koningterijk.nl\/index.php\/category\/omgeving\/\" rel=\"category tag\">Omgeving<\/a><\/div><div class=\"tx-blog-content\">Bides is 7 dagen per week geopend en is gelegen aan de bosrand bij Haaksbergen, op fietsafstand van onze B&amp;B. Het heeft naast de traditionele schnitzel, \u00f3\u00f3k leuke en wat meer originele gerechten op de kaart, inclusief vegetarische gerechten. Het restaurant is gezellig trendy en heeft een royaal terras met uitzicht op een weide met....<\/div><div class=\"tx-meta\"><span class=\"tx-author\">By : <a href=\"https:\/\/bb-koningterijk.nl\/index.php\/author\/karin\/\">Karin Eggink<\/a><\/span><span class=\"tx-date\"> | nov 13, 2020<\/span><\/div><\/div><\/div><\/div><div class=\"tx-blog-item tx-post-col-2\"><div class=\"tx-border-box\"><img src=\"https:\/\/bb-koningterijk.nl\/inhoud\/uploads\/2021\/10\/IMG_5484-watermolle-600x360.jpg\" alt=\"\" class=\"blog-image\" \/><\/a><div class=\"tx-post-content\"><h3 class=\"tx-post-title\"><a href=\"https:\/\/bb-koningterijk.nl\/index.php\/2021\/10\/25\/grand-cafe-de-klok-in-eibergen\/\">Waterm\u00f6lle in Haaksbergen<\/a><\/h3><div class=\"tx-category\"><a href=\"https:\/\/bb-koningterijk.nl\/index.php\/category\/omgeving\/dineren\/\" rel=\"category tag\">Dineren<\/a>, <a href=\"https:\/\/bb-koningterijk.nl\/index.php\/category\/omgeving\/\" rel=\"category tag\">Omgeving<\/a><\/div><div class=\"tx-blog-content\">In een oud pand, op een prachtige plek en pal naast de watermolen van Haaksbergen, is Hotel-Restaurant de Waterm\u00f6lle gevestigd. Het restaurant is 7 dagen per week geopend van 10:00-22:00 uur. Het is een fijne plek voor koffie met appeltaart, een lunch of een borrel. Het eten is prima en de porties royaal maar in....<\/div><div class=\"tx-meta\"><span class=\"tx-author\">By : <a href=\"https:\/\/bb-koningterijk.nl\/index.php\/author\/karin\/\">Karin Eggink<\/a><\/span><span class=\"tx-date\"> | okt 25, 2021<\/span><\/div><\/div><\/div><\/div><div class=\"tx-blog-item tx-post-col-2\"><div class=\"tx-border-box\"><img src=\"https:\/\/bb-koningterijk.nl\/inhoud\/uploads\/2020\/07\/proeflokaal01-1-600x360.jpg\" alt=\"\" class=\"blog-image\" \/><\/a><div class=\"tx-post-content\"><h3 class=\"tx-post-title\"><a href=\"https:\/\/bb-koningterijk.nl\/index.php\/2020\/07\/05\/proeflokaal-in-borculo\/\">Proeflokaal 01 in Borculo<\/a><\/h3><div class=\"tx-category\"><a href=\"https:\/\/bb-koningterijk.nl\/index.php\/category\/omgeving\/dineren\/\" rel=\"category tag\">Dineren<\/a>, <a href=\"https:\/\/bb-koningterijk.nl\/index.php\/category\/omgeving\/\" rel=\"category tag\">Omgeving<\/a><\/div><div class=\"tx-blog-content\">Op 1 augustus 2019 opende Proeflokaal 01 haar deuren in een eeuwenoud pand in het centrum van Borculo. Een mooie onderneming van twee gedreven mensen: vader en zoon. Proeflokaal 01 is een prachtige plek waar je diverse lokaal gebrouwen bieren kunt drinken en een simpel maar lekker hapje kunt eten. Dinsdag gesloten www.proeflokaal01.nl<\/div><div class=\"tx-meta\"><span class=\"tx-author\">By : <a href=\"https:\/\/bb-koningterijk.nl\/index.php\/author\/karin\/\">Karin Eggink<\/a><\/span><span class=\"tx-date\"> | jul 5, 2020<\/span><\/div><\/div><\/div><\/div><div class=\"tx-blog-item tx-post-col-2\"><div class=\"tx-border-box\"><img src=\"https:\/\/bb-koningterijk.nl\/inhoud\/uploads\/2020\/07\/oliemolle-600x360.jpg\" alt=\"\" class=\"blog-image\" \/><\/a><div class=\"tx-post-content\"><h3 class=\"tx-post-title\"><a href=\"https:\/\/bb-koningterijk.nl\/index.php\/2025\/10\/25\/oliemolle-in-borculo-2\/\">Oliem\u00f6lle in Borculo<\/a><\/h3><div class=\"tx-category\"><a href=\"https:\/\/bb-koningterijk.nl\/index.php\/category\/omgeving\/dineren\/\" rel=\"category tag\">Dineren<\/a>, <a href=\"https:\/\/bb-koningterijk.nl\/index.php\/category\/omgeving\/\" rel=\"category tag\">Omgeving<\/a><\/div><div class=\"tx-blog-content\">Wie de Olliem\u00f6lle binnenstapt, voelt de historie van een bijzondere plek. Ooit waren de watermolens van Prins Willem V van Oranje. In de Olliem\u00f6lle wordt Achterhoekse gastvrijheid gecombineerd met heerlijk eten in een eeuwenoude sfeervolle watermolen. Op maandag gesloten www.oliemolle.nl \u200b \u200b &nbsp;<\/div><div class=\"tx-meta\"><span class=\"tx-author\">By : <a href=\"https:\/\/bb-koningterijk.nl\/index.php\/author\/karin\/\">Karin Eggink<\/a><\/span><span class=\"tx-date\"> | okt 25, 2025<\/span><\/div><\/div><\/div><\/div><div class=\"tx-blog-item tx-post-col-2\"><div class=\"tx-border-box\"><img src=\"https:\/\/bb-koningterijk.nl\/inhoud\/uploads\/2020\/07\/katz-kopie-600x360.jpeg\" alt=\"\" class=\"blog-image\" \/><\/a><div class=\"tx-post-content\"><h3 class=\"tx-post-title\"><a href=\"https:\/\/bb-koningterijk.nl\/index.php\/2020\/07\/05\/katz-in-ruurlo\/\">Katz in Ruurlo (ook vegan)<\/a><\/h3><div class=\"tx-category\"><a href=\"https:\/\/bb-koningterijk.nl\/index.php\/category\/omgeving\/dineren\/\" rel=\"category tag\">Dineren<\/a>, <a href=\"https:\/\/bb-koningterijk.nl\/index.php\/category\/omgeving\/\" rel=\"category tag\">Omgeving<\/a><\/div><div class=\"tx-blog-content\">Katz biedt &#8217;the best of both worlds&#8217;. Vlees\/vis en vega(n). Maar dan \u00e9cht goed. In de open keuken wordt door Patrick creatief gekookt waarbij plantaardig eindelijk eens g\u00e9\u00e9n ondergeschoven kind is. Het kleine huiskamerachtige restaurant biedt plek aan 20 gasten en is alleen op donderdag, vrijdag en zaterdag geopend. Reserveren is een must! Een aanwinst....<\/div><div class=\"tx-meta\"><span class=\"tx-author\">By : <a href=\"https:\/\/bb-koningterijk.nl\/index.php\/author\/karin\/\">Karin Eggink<\/a><\/span><span class=\"tx-date\"> | jul 5, 2020<\/span><\/div><\/div><\/div><\/div><div class=\"tx-blog-item tx-post-col-2\"><div class=\"tx-border-box\"><img src=\"https:\/\/bb-koningterijk.nl\/inhoud\/uploads\/2020\/07\/cafe-soleil-rotated-600x360.jpg\" alt=\"\" class=\"blog-image\" \/><\/a><div class=\"tx-post-content\"><h3 class=\"tx-post-title\"><a href=\"https:\/\/bb-koningterijk.nl\/index.php\/2025\/10\/25\/cafe-soleil-in-enschede-2\/\">Caf\u00e9 Soleil in Enschede<\/a><\/h3><div class=\"tx-category\"><a href=\"https:\/\/bb-koningterijk.nl\/index.php\/category\/omgeving\/dineren\/\" rel=\"category tag\">Dineren<\/a>, <a href=\"https:\/\/bb-koningterijk.nl\/index.php\/category\/omgeving\/\" rel=\"category tag\">Omgeving<\/a><\/div><div class=\"tx-blog-content\">Midden in het centrum van Enschede ligt dit charmante restaurant: Caf\u00e9 Soleil. Hier kan je hier heerlijk genieten van mooie Franse gerechten in een sfeervolle en informele ambiance. Woensdag = Soleil Dag: 4 gangen menu met 2 glazen wijn, bier of frisdrank voor \u20ac 50,- Goedkoop parkeren kan vlakbij bij Hermandad 3 Garage. Geopend woensdag....<\/div><div class=\"tx-meta\"><span class=\"tx-author\">By : <a href=\"https:\/\/bb-koningterijk.nl\/index.php\/author\/karin\/\">Karin Eggink<\/a><\/span><span class=\"tx-date\"> | okt 25, 2025<\/span><\/div><\/div><\/div><\/div><div class=\"tx-blog-item tx-post-col-2\"><div class=\"tx-border-box\"><img src=\"https:\/\/bb-koningterijk.nl\/inhoud\/uploads\/2020\/07\/brouwersnos-600x360.jpg\" alt=\"\" class=\"blog-image\" \/><\/a><div class=\"tx-post-content\"><h3 class=\"tx-post-title\"><a href=\"https:\/\/bb-koningterijk.nl\/index.php\/2024\/07\/12\/brouwersnos-in-groenlo-2\/\">Brouwersn\u00f6s in Groenlo<\/a><\/h3><div class=\"tx-category\"><a href=\"https:\/\/bb-koningterijk.nl\/index.php\/category\/omgeving\/dineren\/\" rel=\"category tag\">Dineren<\/a>, <a href=\"https:\/\/bb-koningterijk.nl\/index.php\/category\/omgeving\/\" rel=\"category tag\">Omgeving<\/a><\/div><div class=\"tx-blog-content\">Bierbrouwerij waar men ook terecht kan voor een heerlijke lunch of diner. Mooie plek, heerlijk bier en goede sfeer. Open van woensdag t\/m zondag www.brouwersnos.nl \u200b \u200b &nbsp;<\/div><div class=\"tx-meta\"><span class=\"tx-author\">By : <a href=\"https:\/\/bb-koningterijk.nl\/index.php\/author\/karin\/\">Karin Eggink<\/a><\/span><span class=\"tx-date\"> | jul 12, 2024<\/span><\/div><\/div><\/div><\/div><div class=\"tx-blog-item tx-post-col-2\"><div class=\"tx-border-box\"><img src=\"https:\/\/bb-koningterijk.nl\/inhoud\/uploads\/2023\/08\/stadschpomp-groenlo-600x360.jpg\" alt=\"\" class=\"blog-image\" \/><\/a><div class=\"tx-post-content\"><h3 class=\"tx-post-title\"><a href=\"https:\/\/bb-koningterijk.nl\/index.php\/2023\/08\/01\/stadschpomp-in-groenlo-2\/\">Stadschpomp in Groenlo<\/a><\/h3><div class=\"tx-category\"><a href=\"https:\/\/bb-koningterijk.nl\/index.php\/category\/omgeving\/dineren\/\" rel=\"category tag\">Dineren<\/a>, <a href=\"https:\/\/bb-koningterijk.nl\/index.php\/category\/omgeving\/\" rel=\"category tag\">Omgeving<\/a><\/div><div class=\"tx-blog-content\">Op de gezellige markt in Groenlo vindt u De Stadschpomp waar u heerlijk kunt lunchen, borrelen en \u00e0 la carte dineren in een gemoedelijke sfeer. Bijna alle dagen geopend vanaf 12:00 uur. Alleen op dinsdag gesloten. \u200b \u200b &nbsp;<\/div><div class=\"tx-meta\"><span class=\"tx-author\">By : <a href=\"https:\/\/bb-koningterijk.nl\/index.php\/author\/karin\/\">Karin Eggink<\/a><\/span><span class=\"tx-date\"> | aug 1, 2023<\/span><\/div><\/div><\/div><\/div><div class=\"tx-blog-item tx-post-col-2\"><div class=\"tx-border-box\"><img src=\"https:\/\/bb-koningterijk.nl\/inhoud\/uploads\/2020\/07\/00BCFB17-DE32-4228-AD15-1992FF5FF2EC-600x360.jpeg\" alt=\"\" class=\"blog-image\" \/><\/a><div class=\"tx-post-content\"><h3 class=\"tx-post-title\"><a href=\"https:\/\/bb-koningterijk.nl\/index.php\/2020\/07\/05\/het-paradijs-in-enschede\/\">Het Paradijs in Enschede (Vegan)<\/a><\/h3><div class=\"tx-category\"><a href=\"https:\/\/bb-koningterijk.nl\/index.php\/category\/omgeving\/dineren\/\" rel=\"category tag\">Dineren<\/a>, <a href=\"https:\/\/bb-koningterijk.nl\/index.php\/category\/omgeving\/\" rel=\"category tag\">Omgeving<\/a><\/div><div class=\"tx-blog-content\">Voor veganisten maar \u00f3\u00f3k voor diegene die kennis willen maken met de veganistische keuken, is dit restaurant een &#8216;must&#8217;. Geweldige keuken, seizoensgebonden, plantaardig, lokaal en alles vers bereid. De combinatie met een bijzondere entourage zorgt voor een onvergetelijke avond! Geopend woensdag t\/m zondag. Het Paradijs \u200b \u200b &nbsp;<\/div><div class=\"tx-meta\"><span class=\"tx-author\">By : <a href=\"https:\/\/bb-koningterijk.nl\/index.php\/author\/karin\/\">Karin Eggink<\/a><\/span><span class=\"tx-date\"> | jul 5, 2020<\/span><\/div><\/div><\/div><\/div><\/div>\n","protected":false},"excerpt":{"rendered":"","protected":false},"author":1,"featured_media":0,"parent":0,"menu_order":0,"comment_status":"closed","ping_status":"closed","template":"","meta":[],"_links":{"self":[{"href":"https:\/\/bb-koningterijk.nl\/index.php\/wp-json\/wp\/v2\/pages\/573"}],"collection":[{"href":"https:\/\/bb-koningterijk.nl\/index.php\/wp-json\/wp\/v2\/pages"}],"about":[{"href":"https:\/\/bb-koningterijk.nl\/index.php\/wp-json\/wp\/v2\/types\/page"}],"author":[{"embeddable":true,"href":"https:\/\/bb-koningterijk.nl\/index.php\/wp-json\/wp\/v2\/users\/1"}],"replies":[{"embeddable":true,"href":"https:\/\/bb-koningterijk.nl\/index.php\/wp-json\/wp\/v2\/comments?post=573"}],"version-history":[{"count":5,"href":"https:\/\/bb-koningterijk.nl\/index.php\/wp-json\/wp\/v2\/pages\/573\/revisions"}],"predecessor-version":[{"id":2001,"href":"https:\/\/bb-koningterijk.nl\/index.php\/wp-json\/wp\/v2\/pages\/573\/revisions\/2001"}],"wp:attachment":[{"href":"https:\/\/bb-koningterijk.nl\/index.php\/wp-json\/wp\/v2\/media?parent=573"}],"curies":[{"name":"wp","href":"https:\/\/api.w.org\/{rel}","templated":true}]}}